{"id":37594,"date":"2021-10-14T09:24:02","date_gmt":"2021-10-14T07:25:47","guid":{"rendered":"https:\/\/berlinmotorbooks.de\/?post_type=product&#038;p=37594"},"modified":"2024-02-23T10:50:29","modified_gmt":"2024-02-23T09:50:29","slug":"limited-edition-porsche-964-the-book-1989-1994","status":"publish","type":"product","link":"https:\/\/berlinmotorbooks.de\/en\/product\/limited-edition-porsche-964-the-book-1989-1994\/","title":{"rendered":"LIMITED EDITION \u201ePorsche 964 \u2013 THE BOOK 1989\u20131994\u201c"},"content":{"rendered":"<p class=\"lead\"><span style=\"font-weight: 400;\">The Porsche 911 of the 964 generation is more popular than ever before!<\/span><\/p>\n<p><span style=\"font-weight: 400;\">With its fascinating engine sound, dynamics and safe driving characteristics, it offers incomparable driving pleasure. A modern classic with charisma that definitely has everyday qualities.<\/span><\/p>\n<p><img loading=\"lazy\" decoding=\"async\" class=\"alignnone wp-image-37543 size-large\" src=\"https:\/\/b2xgmnfk.myraidbox.de\/wp-content\/uploads\/2021\/10\/1-1024x684.jpg\" alt=\"Porsche 964\" width=\"1020\" height=\"681\" srcset=\"https:\/\/berlinmotorbooks.de\/wp-content\/uploads\/2021\/10\/1-1024x684.jpg 1024w, https:\/\/berlinmotorbooks.de\/wp-content\/uploads\/2021\/10\/1-300x200.jpg 300w, https:\/\/berlinmotorbooks.de\/wp-content\/uploads\/2021\/10\/1-768x513.jpg 768w, https:\/\/berlinmotorbooks.de\/wp-content\/uploads\/2021\/10\/1-1536x1025.jpg 1536w, https:\/\/berlinmotorbooks.de\/wp-content\/uploads\/2021\/10\/1-750x501.jpg 750w, https:\/\/berlinmotorbooks.de\/wp-content\/uploads\/2021\/10\/1.jpg 2000w\" sizes=\"auto, (max-width: 1020px) 100vw, 1020px\" \/><\/p>\n<div class=\"is-divider divider clearfix\" style=\"margin-top:3em;margin-bottom:3em;max-width:100%;height:1px;\"><\/div>\n<p class=\"lead\"><span style=\"font-weight: 400;\">The 964 model series was the salvation for the Porsche 911<\/span><\/p>\n<p><span style=\"font-weight: 400;\">The 964 generation also became one of the most important model series in the history of the nine-eleven, as the concept, which was considered outdated, was catapulted into the present with state-of-the-art technology in the 1989 model year. The 911 Carrera 4 was the first series-produced all-wheel-drive sports car to be far ahead of its time.<\/span><\/p>\n<p><img loading=\"lazy\" decoding=\"async\" class=\"alignnone wp-image-37551 size-large\" src=\"https:\/\/b2xgmnfk.myraidbox.de\/wp-content\/uploads\/2021\/10\/2425-210921_PORSCHE_964_INNENTEIL-1024x595.jpg\" alt=\"\"Porsche 964 -THE BOOK 1989 - 1994\" presents every single model of this series and goes into detail about all special models and rare prototypes such as the 964 CS \"Clubsport\". Only one example of this model was produced, which is completely unknown even to many experts on the subject. Louise Piech's private 911 Carrera 4 is also presented - an exclusive vehicle with a very special interior. Author Andreas Gabriel was able to meet the engineer for an interview, who was instrumental in ensuring the survival of the nine-eleven from 1979 onwards and also shaped the 964 model series.\" width=\"1020\" height=\"593\" srcset=\"https:\/\/berlinmotorbooks.de\/wp-content\/uploads\/2021\/10\/2425-210921_PORSCHE_964_INNENTEIL-1024x595.jpg 1024w, https:\/\/berlinmotorbooks.de\/wp-content\/uploads\/2021\/10\/2425-210921_PORSCHE_964_INNENTEIL-300x174.jpg 300w, https:\/\/berlinmotorbooks.de\/wp-content\/uploads\/2021\/10\/2425-210921_PORSCHE_964_INNENTEIL-768x446.jpg 768w, https:\/\/berlinmotorbooks.de\/wp-content\/uploads\/2021\/10\/2425-210921_PORSCHE_964_INNENTEIL-750x436.jpg 750w, https:\/\/berlinmotorbooks.de\/wp-content\/uploads\/2021\/10\/2425-210921_PORSCHE_964_INNENTEIL.jpg 1457w\" sizes=\"auto, (max-width: 1020px) 100vw, 1020px\" \/><\/p>\n<div class=\"is-divider divider clearfix\" style=\"margin-top:3em;margin-bottom:3em;max-width:100%;height:1px;\"><\/div>\n<p class=\"lead\"><span style=\"font-weight: 400;\">All special models and prototypes are presented!<\/span><\/p>\n<p><span style=\"font-weight: 400;\">&#8220;Porsche 964 -THE BOOK 1989 &#8211; 1994&#8221; presents every single model of this series and goes into detail on all special models and rare prototypes such as the 964 CS &#8220;Clubsport&#8221;. Only one example of this model was made, which is completely unknown even to many experts on the subject. Louise Piech&#8217;s private 911 Carrera 4 will also be presented &#8211; an exclusive vehicle with a very special interior. Author Andreas Gabriel was able to meet the engineer for an interview, who was instrumental in ensuring the survival of the nine-eleven from 1979 onwards and also shaped the 964 model series.<\/span><\/p>\n<p><img loading=\"lazy\" decoding=\"async\" class=\"alignnone wp-image-37549 size-large\" src=\"https:\/\/b2xgmnfk.myraidbox.de\/wp-content\/uploads\/2021\/10\/222221-210921_PORSCHE_964_INNENTEIL-1024x595.jpg\" alt=\"\"Porsche 964 -THE BOOK 1989 - 1994\" presents every single model of this series and goes into detail about all special models and rare prototypes such as the 964 CS \"Clubsport\". Only one example of this model was produced, which is completely unknown even to many experts on the subject. Louise Piech's private 911 Carrera 4 is also presented - an exclusive vehicle with a very special interior. Author Andreas Gabriel was able to meet the engineer for an interview, who was instrumental in ensuring the survival of the nine-eleven from 1979 onwards and also shaped the 964 model series.\" width=\"1020\" height=\"593\" srcset=\"https:\/\/berlinmotorbooks.de\/wp-content\/uploads\/2021\/10\/222221-210921_PORSCHE_964_INNENTEIL-1024x595.jpg 1024w, https:\/\/berlinmotorbooks.de\/wp-content\/uploads\/2021\/10\/222221-210921_PORSCHE_964_INNENTEIL-300x174.jpg 300w, https:\/\/berlinmotorbooks.de\/wp-content\/uploads\/2021\/10\/222221-210921_PORSCHE_964_INNENTEIL-768x446.jpg 768w, https:\/\/berlinmotorbooks.de\/wp-content\/uploads\/2021\/10\/222221-210921_PORSCHE_964_INNENTEIL-750x436.jpg 750w, https:\/\/berlinmotorbooks.de\/wp-content\/uploads\/2021\/10\/222221-210921_PORSCHE_964_INNENTEIL.jpg 1457w\" sizes=\"auto, (max-width: 1020px) 100vw, 1020px\" \/><\/p>\n<div class=\"is-divider divider clearfix\" style=\"margin-top:3em;margin-bottom:3em;max-width:100%;height:1px;\"><\/div>\n<p class=\"lead\"><span style=\"font-weight: 400;\">Unpublished recordings from the Porsche archive<\/span><\/p>\n<p><span style=\"font-weight: 400;\">In addition to detailed purchasing advice and price developments in recent years, there is also an extensive technical and statistical section. Porsche opened its historical archive for this book project, which is why unpublished photographs from the development phase of the 964 can be shown, among other things.<\/span><\/p>\n<p><img loading=\"lazy\" decoding=\"async\" class=\"alignnone wp-image-37553 size-large\" src=\"https:\/\/b2xgmnfk.myraidbox.de\/wp-content\/uploads\/2021\/10\/4849-210921_PORSCHE_964_INNENTEIL-1024x595.jpg\" alt=\"\"Porsche 964 -THE BOOK 1989 - 1994\" presents every single model of this series and goes into detail about all special models and rare prototypes such as the 964 CS \"Clubsport\". Only one example of this model was produced, which is completely unknown even to many experts on the subject. Louise Piech's private 911 Carrera 4 is also presented - an exclusive vehicle with a very special interior. Author Andreas Gabriel was able to meet the engineer for an interview, who was instrumental in ensuring the survival of the nine-eleven from 1979 onwards and also shaped the 964 model series.\" width=\"1020\" height=\"593\" srcset=\"https:\/\/berlinmotorbooks.de\/wp-content\/uploads\/2021\/10\/4849-210921_PORSCHE_964_INNENTEIL-1024x595.jpg 1024w, https:\/\/berlinmotorbooks.de\/wp-content\/uploads\/2021\/10\/4849-210921_PORSCHE_964_INNENTEIL-300x174.jpg 300w, https:\/\/berlinmotorbooks.de\/wp-content\/uploads\/2021\/10\/4849-210921_PORSCHE_964_INNENTEIL-768x446.jpg 768w, https:\/\/berlinmotorbooks.de\/wp-content\/uploads\/2021\/10\/4849-210921_PORSCHE_964_INNENTEIL-750x436.jpg 750w, https:\/\/berlinmotorbooks.de\/wp-content\/uploads\/2021\/10\/4849-210921_PORSCHE_964_INNENTEIL.jpg 1457w\" sizes=\"auto, (max-width: 1020px) 100vw, 1020px\" \/><\/p>\n<div class=\"is-divider divider clearfix\" style=\"margin-top:3em;margin-bottom:3em;max-width:100%;height:1px;\"><\/div>\n\n<div class=\"row\"  id=\"row-1204496048\">\n\n\n\t<div id=\"col-826947587\" class=\"col medium-6 small-12 large-6\"  >\n\t\t\t\t<div class=\"col-inner\"  >\n\t\t\t\n\t\t\t\n\n<h2><a href=\"\/?p=37542\">Die perfekte Erg\u00e4nzung zum Buch: Der Kalender zum Porsche 964<\/a><\/h2>\n<p>Der auf 964 Exemplare limitierte Porsche-Kalender f\u00fcr 2022 von Berlin Motor Books wird hochwertig im Querformat 59,4 cm x 42 cm gedruckt und verf\u00fcgt \u00fcber eine stabile Versandverpackung. Sichern Sie sich jetzt den einzigartigen Porsche 911 Kalender \u201eAir-Cooled Forever 2022\u201c.<\/p>\n<a href=\"\/produkt\/porsche-kalender-2022-porsche-964-kalender-air-cooled-forever-2022\/\" class=\"button primary\" style=\"border-radius:99px;\">\n\t\t<span>Den Kalender ansehen<\/span>\n\t<\/a>\n\n\n\n\t\t<\/div>\n\t\t\t\t\t<\/div>\n\n\t\n\n\t<div id=\"col-1117495960\" class=\"col medium-4 small-12 large-4\"  >\n\t\t\t\t<div class=\"col-inner\"  >\n\t\t\t\n\t\t\t\n\n\t\n  \n    <div class=\"row large-columns-1 medium-columns- small-columns- row-small\" >\n  \n\t     <\/div>\n\n\n\t\t<\/div>\n\t\t\t\t\t<\/div>\n\n\t\n\n<\/div>\n","protected":false},"excerpt":{"rendered":"<p><span style=\"font-weight: 400;\">The book PORSCHE 964 &#8220;THE BOOK 1989-1994&#8243; has been published in a limited edition of 1994 copies.&#8221;<br \/>\n<\/span><\/p>\n<h3>Special features in this book<\/h3>\n<ul class=\"check-list\">\n<li><strong>Detailed<\/strong> <strong>purchase advice and price trends<\/strong><\/li>\n<li>Comprehensive information on <strong>special models<\/strong> and <strong>prototypes<\/strong><\/li>\n<li><strong>Unpublished photographs<\/strong> from the historic Porsche archive<\/li>\n<\/ul>\n","protected":false},"featured_media":37558,"comment_status":"closed","ping_status":"closed","template":"","meta":[],"product_brand":[],"product_cat":[62],"product_tag":[],"class_list":{"0":"post-37594","1":"product","2":"type-product","3":"status-publish","4":"has-post-thumbnail","6":"product_cat-books","8":"first","9":"outofstock","10":"taxable","11":"shipping-taxable","12":"purchasable","13":"product-type-simple"},"yoast_head":"<!-- This site is optimized with the Yoast SEO plugin v27.4 - https:\/\/yoast.com\/product\/yoast-seo-wordpress\/ -->\n<title>LIMITED EDITION \u201ePorsche 964 \u2013 THE BOOK 1989 - 1994\u201c<\/title>\n<meta name=\"description\" content=\"Berlin Motor Books will publish the book PORSCHE 964 &quot;THE BOOK 1989 - 1994&quot;, limited to 1994 copies, on November 31, 2021.\" \/>\n<meta name=\"robots\" content=\"index, follow, max-snippet:-1, max-image-preview:large, max-video-preview:-1\" \/>\n<link rel=\"canonical\" href=\"https:\/\/berlinmotorbooks.de\/en\/product\/limited-edition-porsche-964-the-book-1989-1994\/\" \/>\n<meta property=\"og:locale\" content=\"en_US\" \/>\n<meta property=\"og:type\" content=\"article\" \/>\n<meta property=\"og:title\" content=\"LIMITED EDITION \u201ePorsche 964 \u2013 THE BOOK 1989 - 1994\u201c\" \/>\n<meta property=\"og:description\" content=\"Berlin Motor Books will publish the book PORSCHE 964 &quot;THE BOOK 1989 - 1994&quot;, limited to 1994 copies, on November 31, 2021.\" \/>\n<meta property=\"og:url\" content=\"https:\/\/berlinmotorbooks.de\/en\/product\/limited-edition-porsche-964-the-book-1989-1994\/\" \/>\n<meta property=\"og:site_name\" content=\"Berlin Motor Books\" \/>\n<meta property=\"article:modified_time\" content=\"2024-02-23T09:50:29+00:00\" \/>\n<meta property=\"og:image\" content=\"https:\/\/berlinmotorbooks.de\/wp-content\/uploads\/2021\/10\/Animation-scaled.jpg\" \/>\n\t<meta property=\"og:image:width\" content=\"2560\" \/>\n\t<meta property=\"og:image:height\" content=\"2194\" \/>\n\t<meta property=\"og:image:type\" content=\"image\/jpeg\" \/>\n<meta name=\"twitter:card\" content=\"summary_large_image\" \/>\n<meta name=\"twitter:label1\" content=\"Est. reading time\" \/>\n\t<meta name=\"twitter:data1\" content=\"1 minute\" \/>\n<script type=\"application\/ld+json\" class=\"yoast-schema-graph\">{\"@context\":\"https:\\\/\\\/schema.org\",\"@graph\":[{\"@type\":\"WebPage\",\"@id\":\"https:\\\/\\\/berlinmotorbooks.de\\\/en\\\/product\\\/limited-edition-porsche-964-the-book-1989-1994\\\/\",\"url\":\"https:\\\/\\\/berlinmotorbooks.de\\\/en\\\/product\\\/limited-edition-porsche-964-the-book-1989-1994\\\/\",\"name\":\"LIMITED EDITION \u201ePorsche 964 \u2013 THE BOOK 1989 - 1994\u201c\",\"isPartOf\":{\"@id\":\"https:\\\/\\\/berlinmotorbooks.de\\\/en\\\/#website\"},\"primaryImageOfPage\":{\"@id\":\"https:\\\/\\\/berlinmotorbooks.de\\\/en\\\/product\\\/limited-edition-porsche-964-the-book-1989-1994\\\/#primaryimage\"},\"image\":{\"@id\":\"https:\\\/\\\/berlinmotorbooks.de\\\/en\\\/product\\\/limited-edition-porsche-964-the-book-1989-1994\\\/#primaryimage\"},\"thumbnailUrl\":\"https:\\\/\\\/berlinmotorbooks.de\\\/wp-content\\\/uploads\\\/2021\\\/10\\\/Animation-scaled.jpg\",\"datePublished\":\"2021-10-14T07:25:47+00:00\",\"dateModified\":\"2024-02-23T09:50:29+00:00\",\"description\":\"Berlin Motor Books will publish the book PORSCHE 964 \\\"THE BOOK 1989 - 1994\\\", limited to 1994 copies, on November 31, 2021.\",\"breadcrumb\":{\"@id\":\"https:\\\/\\\/berlinmotorbooks.de\\\/en\\\/product\\\/limited-edition-porsche-964-the-book-1989-1994\\\/#breadcrumb\"},\"inLanguage\":\"en-US\",\"potentialAction\":[{\"@type\":\"ReadAction\",\"target\":[\"https:\\\/\\\/berlinmotorbooks.de\\\/en\\\/product\\\/limited-edition-porsche-964-the-book-1989-1994\\\/\"]}]},{\"@type\":\"ImageObject\",\"inLanguage\":\"en-US\",\"@id\":\"https:\\\/\\\/berlinmotorbooks.de\\\/en\\\/product\\\/limited-edition-porsche-964-the-book-1989-1994\\\/#primaryimage\",\"url\":\"https:\\\/\\\/berlinmotorbooks.de\\\/wp-content\\\/uploads\\\/2021\\\/10\\\/Animation-scaled.jpg\",\"contentUrl\":\"https:\\\/\\\/berlinmotorbooks.de\\\/wp-content\\\/uploads\\\/2021\\\/10\\\/Animation-scaled.jpg\",\"width\":2560,\"height\":2194,\"caption\":\"\u201ePorsche 964 -THE BOOK 1989 \u2013 1994\u201c stellt jedes einzelne Modell dieser Baureihe vor und geht intensiv auf alle Sondermodelle und seltene Prototypen wie den 964 CS \u201eClubsport\u201c ein. Von diesem Modell entstand nur ein Exemplar, welches selbst vielen Kennern der Materie g\u00e4nzlich unbekannt ist. Aber auch der private 911 Carrera 4 von Louise Piech wird vorgestellt - ein exklusives Fahrzeug mit einer ganz besonderen Innenausstattung. Autor Andreas Gabriel konnte den Ingenieur zum Interview treffen, der sich ab 1979 ma\u00dfgeblich f\u00fcr das \u00dcberleben des Neunelfers einsetzte und auch die Modellreihe 964 gepr\u00e4gt hat.\"},{\"@type\":\"BreadcrumbList\",\"@id\":\"https:\\\/\\\/berlinmotorbooks.de\\\/en\\\/product\\\/limited-edition-porsche-964-the-book-1989-1994\\\/#breadcrumb\",\"itemListElement\":[{\"@type\":\"ListItem\",\"position\":1,\"name\":\"Startseite\",\"item\":\"https:\\\/\\\/berlinmotorbooks.de\\\/en\\\/\"},{\"@type\":\"ListItem\",\"position\":2,\"name\":\"Shop\",\"item\":\"https:\\\/\\\/berlinmotorbooks.de\\\/en\\\/shop\\\/\"},{\"@type\":\"ListItem\",\"position\":3,\"name\":\"LIMITED EDITION \u201ePorsche 964 \u2013 THE BOOK 1989\u20131994\u201c\"}]},{\"@type\":\"WebSite\",\"@id\":\"https:\\\/\\\/berlinmotorbooks.de\\\/en\\\/#website\",\"url\":\"https:\\\/\\\/berlinmotorbooks.de\\\/en\\\/\",\"name\":\"Berlin Motor Books\",\"description\":\"Porsche B\u00fccher aus Berlin\",\"publisher\":{\"@id\":\"https:\\\/\\\/berlinmotorbooks.de\\\/en\\\/#organization\"},\"potentialAction\":[{\"@type\":\"SearchAction\",\"target\":{\"@type\":\"EntryPoint\",\"urlTemplate\":\"https:\\\/\\\/berlinmotorbooks.de\\\/en\\\/?s={search_term_string}\"},\"query-input\":{\"@type\":\"PropertyValueSpecification\",\"valueRequired\":true,\"valueName\":\"search_term_string\"}}],\"inLanguage\":\"en-US\"},{\"@type\":\"Organization\",\"@id\":\"https:\\\/\\\/berlinmotorbooks.de\\\/en\\\/#organization\",\"name\":\"BMB Berlin Motor Books UG (haftungsbeschr\u00e4nkt)\",\"url\":\"https:\\\/\\\/berlinmotorbooks.de\\\/en\\\/\",\"logo\":{\"@type\":\"ImageObject\",\"inLanguage\":\"en-US\",\"@id\":\"https:\\\/\\\/berlinmotorbooks.de\\\/en\\\/#\\\/schema\\\/logo\\\/image\\\/\",\"url\":\"https:\\\/\\\/berlinmotorbooks.de\\\/wp-content\\\/uploads\\\/2019\\\/03\\\/BMB_LOGO_dark.png\",\"contentUrl\":\"https:\\\/\\\/berlinmotorbooks.de\\\/wp-content\\\/uploads\\\/2019\\\/03\\\/BMB_LOGO_dark.png\",\"width\":1495,\"height\":687,\"caption\":\"BMB Berlin Motor Books UG (haftungsbeschr\u00e4nkt)\"},\"image\":{\"@id\":\"https:\\\/\\\/berlinmotorbooks.de\\\/en\\\/#\\\/schema\\\/logo\\\/image\\\/\"}}]}<\/script>\n<!-- \/ Yoast SEO plugin. -->","yoast_head_json":{"title":"LIMITED EDITION \u201ePorsche 964 \u2013 THE BOOK 1989 - 1994\u201c","description":"Berlin Motor Books will publish the book PORSCHE 964 \"THE BOOK 1989 - 1994\", limited to 1994 copies, on November 31, 2021.","robots":{"index":"index","follow":"follow","max-snippet":"max-snippet:-1","max-image-preview":"max-image-preview:large","max-video-preview":"max-video-preview:-1"},"canonical":"https:\/\/berlinmotorbooks.de\/en\/product\/limited-edition-porsche-964-the-book-1989-1994\/","og_locale":"en_US","og_type":"article","og_title":"LIMITED EDITION \u201ePorsche 964 \u2013 THE BOOK 1989 - 1994\u201c","og_description":"Berlin Motor Books will publish the book PORSCHE 964 \"THE BOOK 1989 - 1994\", limited to 1994 copies, on November 31, 2021.","og_url":"https:\/\/berlinmotorbooks.de\/en\/product\/limited-edition-porsche-964-the-book-1989-1994\/","og_site_name":"Berlin Motor Books","article_modified_time":"2024-02-23T09:50:29+00:00","og_image":[{"width":2560,"height":2194,"url":"https:\/\/berlinmotorbooks.de\/wp-content\/uploads\/2021\/10\/Animation-scaled.jpg","type":"image\/jpeg"}],"twitter_card":"summary_large_image","twitter_misc":{"Est. reading time":"1 minute"},"schema":{"@context":"https:\/\/schema.org","@graph":[{"@type":"WebPage","@id":"https:\/\/berlinmotorbooks.de\/en\/product\/limited-edition-porsche-964-the-book-1989-1994\/","url":"https:\/\/berlinmotorbooks.de\/en\/product\/limited-edition-porsche-964-the-book-1989-1994\/","name":"LIMITED EDITION \u201ePorsche 964 \u2013 THE BOOK 1989 - 1994\u201c","isPartOf":{"@id":"https:\/\/berlinmotorbooks.de\/en\/#website"},"primaryImageOfPage":{"@id":"https:\/\/berlinmotorbooks.de\/en\/product\/limited-edition-porsche-964-the-book-1989-1994\/#primaryimage"},"image":{"@id":"https:\/\/berlinmotorbooks.de\/en\/product\/limited-edition-porsche-964-the-book-1989-1994\/#primaryimage"},"thumbnailUrl":"https:\/\/berlinmotorbooks.de\/wp-content\/uploads\/2021\/10\/Animation-scaled.jpg","datePublished":"2021-10-14T07:25:47+00:00","dateModified":"2024-02-23T09:50:29+00:00","description":"Berlin Motor Books will publish the book PORSCHE 964 \"THE BOOK 1989 - 1994\", limited to 1994 copies, on November 31, 2021.","breadcrumb":{"@id":"https:\/\/berlinmotorbooks.de\/en\/product\/limited-edition-porsche-964-the-book-1989-1994\/#breadcrumb"},"inLanguage":"en-US","potentialAction":[{"@type":"ReadAction","target":["https:\/\/berlinmotorbooks.de\/en\/product\/limited-edition-porsche-964-the-book-1989-1994\/"]}]},{"@type":"ImageObject","inLanguage":"en-US","@id":"https:\/\/berlinmotorbooks.de\/en\/product\/limited-edition-porsche-964-the-book-1989-1994\/#primaryimage","url":"https:\/\/berlinmotorbooks.de\/wp-content\/uploads\/2021\/10\/Animation-scaled.jpg","contentUrl":"https:\/\/berlinmotorbooks.de\/wp-content\/uploads\/2021\/10\/Animation-scaled.jpg","width":2560,"height":2194,"caption":"\u201ePorsche 964 -THE BOOK 1989 \u2013 1994\u201c stellt jedes einzelne Modell dieser Baureihe vor und geht intensiv auf alle Sondermodelle und seltene Prototypen wie den 964 CS \u201eClubsport\u201c ein. Von diesem Modell entstand nur ein Exemplar, welches selbst vielen Kennern der Materie g\u00e4nzlich unbekannt ist. Aber auch der private 911 Carrera 4 von Louise Piech wird vorgestellt - ein exklusives Fahrzeug mit einer ganz besonderen Innenausstattung. Autor Andreas Gabriel konnte den Ingenieur zum Interview treffen, der sich ab 1979 ma\u00dfgeblich f\u00fcr das \u00dcberleben des Neunelfers einsetzte und auch die Modellreihe 964 gepr\u00e4gt hat."},{"@type":"BreadcrumbList","@id":"https:\/\/berlinmotorbooks.de\/en\/product\/limited-edition-porsche-964-the-book-1989-1994\/#breadcrumb","itemListElement":[{"@type":"ListItem","position":1,"name":"Startseite","item":"https:\/\/berlinmotorbooks.de\/en\/"},{"@type":"ListItem","position":2,"name":"Shop","item":"https:\/\/berlinmotorbooks.de\/en\/shop\/"},{"@type":"ListItem","position":3,"name":"LIMITED EDITION \u201ePorsche 964 \u2013 THE BOOK 1989\u20131994\u201c"}]},{"@type":"WebSite","@id":"https:\/\/berlinmotorbooks.de\/en\/#website","url":"https:\/\/berlinmotorbooks.de\/en\/","name":"Berlin Motor Books","description":"Porsche B\u00fccher aus Berlin","publisher":{"@id":"https:\/\/berlinmotorbooks.de\/en\/#organization"},"potentialAction":[{"@type":"SearchAction","target":{"@type":"EntryPoint","urlTemplate":"https:\/\/berlinmotorbooks.de\/en\/?s={search_term_string}"},"query-input":{"@type":"PropertyValueSpecification","valueRequired":true,"valueName":"search_term_string"}}],"inLanguage":"en-US"},{"@type":"Organization","@id":"https:\/\/berlinmotorbooks.de\/en\/#organization","name":"BMB Berlin Motor Books UG (haftungsbeschr\u00e4nkt)","url":"https:\/\/berlinmotorbooks.de\/en\/","logo":{"@type":"ImageObject","inLanguage":"en-US","@id":"https:\/\/berlinmotorbooks.de\/en\/#\/schema\/logo\/image\/","url":"https:\/\/berlinmotorbooks.de\/wp-content\/uploads\/2019\/03\/BMB_LOGO_dark.png","contentUrl":"https:\/\/berlinmotorbooks.de\/wp-content\/uploads\/2019\/03\/BMB_LOGO_dark.png","width":1495,"height":687,"caption":"BMB Berlin Motor Books UG (haftungsbeschr\u00e4nkt)"},"image":{"@id":"https:\/\/berlinmotorbooks.de\/en\/#\/schema\/logo\/image\/"}}]}},"_links":{"self":[{"href":"https:\/\/berlinmotorbooks.de\/en\/wp-json\/wp\/v2\/product\/37594","targetHints":{"allow":["GET"]}}],"collection":[{"href":"https:\/\/berlinmotorbooks.de\/en\/wp-json\/wp\/v2\/product"}],"about":[{"href":"https:\/\/berlinmotorbooks.de\/en\/wp-json\/wp\/v2\/types\/product"}],"replies":[{"embeddable":true,"href":"https:\/\/berlinmotorbooks.de\/en\/wp-json\/wp\/v2\/comments?post=37594"}],"wp:featuredmedia":[{"embeddable":true,"href":"https:\/\/berlinmotorbooks.de\/en\/wp-json\/wp\/v2\/media\/37558"}],"wp:attachment":[{"href":"https:\/\/berlinmotorbooks.de\/en\/wp-json\/wp\/v2\/media?parent=37594"}],"wp:term":[{"taxonomy":"product_brand","embeddable":true,"href":"https:\/\/berlinmotorbooks.de\/en\/wp-json\/wp\/v2\/product_brand?post=37594"},{"taxonomy":"product_cat","embeddable":true,"href":"https:\/\/berlinmotorbooks.de\/en\/wp-json\/wp\/v2\/product_cat?post=37594"},{"taxonomy":"product_tag","embeddable":true,"href":"https:\/\/berlinmotorbooks.de\/en\/wp-json\/wp\/v2\/product_tag?post=37594"}],"curies":[{"name":"wp","href":"https:\/\/api.w.org\/{rel}","templated":true}]}}