{"id":37944,"date":"2021-11-05T09:37:32","date_gmt":"2021-11-05T08:37:32","guid":{"rendered":"https:\/\/berlinmotorbooks.de\/?post_type=product&#038;p=37944"},"modified":"2022-11-10T16:24:46","modified_gmt":"2022-11-10T15:24:46","slug":"porsche-kalender-2023-porsche-911-carrera-rs-kalender-air-cooled-forever-2023","status":"publish","type":"product","link":"https:\/\/berlinmotorbooks.de\/en\/product\/porsche-kalender-2023-porsche-911-carrera-rs-kalender-air-cooled-forever-2023\/","title":{"rendered":"Porsche Calendar 2023: Porsche 911 Carrera RS Calendar \u201eAIR-COOLED 2023\u201c"},"content":{"rendered":"<h2><span style=\"color: #333333;\">Porsche Calendar 2023: The Carrera RS calendar for the classic generations &#8220;Porsche Carrera RS AIR-COOLED 2023&#8221;.<br \/>\n<\/span><\/h2>\n<p style=\"font-weight: 400;\"><strong>The Porsche 911 calendar for the air-cooled Carrera RS cars.<\/strong><\/p>\n<div class=\"is-divider divider clearfix\" style=\"margin-top:3em;margin-bottom:3em;max-width:100%;height:1px;\"><\/div>\n<p class=\"lead\">&#8220;Only 500 men will drive it&#8221;-this was the slogan Porsche used to advertise its new top model in 1972, which was to make history under the name Carrera RS. The first 911 RS clearly eclipsed everything that had gone before. It reached 100 km\/h in just 5.8 seconds and its top speed ended at a then unbelievable 245 km\/h. To this day, the first nine-eleven, which was allowed to wear a front and rear spoiler as standard, remains a legend. Our calendar page for January shows the Carrera RS 2.7 in the Touring version.<\/p>\n<p><img loading=\"lazy\" decoding=\"async\" class=\"alignnone wp-image-37946 size-large\" src=\"https:\/\/berlinmotorbooks.de\/wp-content\/uploads\/2022\/11\/KALENDER_2023_911_598x422_02-1-scaled.jpg\" alt=\"Porsche Kalender 2022: Porsche 911 G-Modell\" width=\"1020\" height=\"724\" data-wp-editing=\"1\" \/><\/p>\n<div class=\"is-divider divider clearfix\" style=\"margin-top:3em;margin-bottom:3em;max-width:100%;height:1px;\"><\/div>\n<p class=\"lead\">In November 1972, the racing version of the Carrera RS was ready. This was launched in a small series at the beginning of 1973 and was given the code M491. The RSR 2.8 had a kerb weight of just 900 kg. The highlight of the RSR was the engine. It received the code 911\/72 and grew to 2,807 cc with nikasil-coated cylinders and taller 92-mm pistons. With an increased compression ratio of 10.5 : 1, the engine produced 300 hp. The 911 Carrera RSR cost 59,000DM and was produced in a run of 55 units. Our calendar page for February shows the fascinating 911 RSR 2.8 in signal yellow.<\/p>\n<p><img loading=\"lazy\" decoding=\"async\" class=\"alignnone wp-image-37950 size-large\" src=\"https:\/\/berlinmotorbooks.de\/wp-content\/uploads\/2022\/11\/KALENDER_2023_911_598x422_03-1-scaled.jpg\" alt=\"Porsche Kalender 2022: Porsche 911 G-Modell\" width=\"1020\" height=\"724\" \/><\/p>\n<div class=\"is-divider divider clearfix\" style=\"margin-top:3em;margin-bottom:3em;max-width:100%;height:1px;\"><\/div>\n<p class=\"lead\">Among the three different variants of the Carrera RS 2.7, the sports version was a very special highlight. Thanks to consistent lightweight construction and the use of light metals, it was possible to significantly reduce the weight of the sport version of the Carrera RS once again. While the somewhat more comfortable 911 Carrera RS Touring had a kerb weight of 1,075 kg, the RS 2.7 Sport with the additional code M471 saved a further 115 kg, as the equipment was kept extremely spartan. Our calendar page for March shows the sports version in the attractive combination of white and green.<\/p>\n<p><img loading=\"lazy\" decoding=\"async\" class=\"alignnone wp-image-37952 size-large\" style=\"color: #333333;\" src=\"https:\/\/berlinmotorbooks.de\/wp-content\/uploads\/2022\/11\/KALENDER_2023_911_598x422_04-1-scaled.jpg\" alt=\"Porsche Kalender 2022: Porsche 911 G-Modell\" width=\"1020\" height=\"724\" \/><\/p>\n<div class=\"is-divider divider clearfix\" style=\"margin-top:3em;margin-bottom:3em;max-width:100%;height:1px;\"><\/div>\n<p class=\"lead\">Unser Kalenderblatt f\u00fcr April zeigt den Porsche 911 Carrera RS 3.0. Damit man im Jahr 1974 auf den internationalen Rennstrecken auch weiterhin wettbewerbsf\u00e4hig bleiben konnte, wurde ein neuer 911 Carrera RS aufgelegt. Um den Auflagen des Reglements f\u00fcr die Gruppe 4 (Spezial-GT) entsprechen zu k\u00f6nnen, mussten 100 Fahrzeuge verkauft werden. Porsche verkaufte genau 111 Fahrzeuge vom RS 3.0, die im Herbst 1973 in Zuffenhausen in einer Kleinserie entstanden.<\/p>\n<p><img loading=\"lazy\" decoding=\"async\" class=\"alignnone wp-image-37948 size-large\" src=\"https:\/\/berlinmotorbooks.de\/wp-content\/uploads\/2022\/11\/KALENDER_2023_911_598x422_05-1-scaled.jpg\" alt=\"Porsche Kalender 2022: Porsche 911 G-Modell\" width=\"1020\" height=\"724\" \/><\/p>\n<div class=\"is-divider divider clearfix\" style=\"margin-top:3em;margin-bottom:3em;max-width:100%;height:1px;\"><\/div>\n<p class=\"lead\">Our calendar page for April shows the Porsche 911 Carrera RS 3.0. In order to remain competitive on the international race tracks in 1974, a new 911 Carrera RS was launched. In order to meet the requirements of the regulations for Group 4 (special GT), 100 vehicles had to be sold. Porsche sold exactly 111 vehicles of the RS 3.0, which were produced in a small series in Zuffenhausen in the fall of 1973.<\/p>\n<p class=\"lead\"><img loading=\"lazy\" decoding=\"async\" class=\"alignnone wp-image-37942 size-large\" src=\"https:\/\/berlinmotorbooks.de\/wp-content\/uploads\/2022\/11\/KALENDER_2023_911_598x422_14-1-scaled.jpg\" alt=\"Porsche Kalender 2022: Porsche 911 G-Modell\" width=\"1020\" height=\"724\" \/><\/p>\n<div class=\"is-divider divider clearfix\" style=\"margin-top:3em;margin-bottom:3em;max-width:100%;height:1px;\"><\/div>\n\n<div class=\"row\"  id=\"row-1683790583\">\n\n\n\t<div id=\"col-994043427\" class=\"col medium-6 small-12 large-6\"  >\n\t\t\t\t<div class=\"col-inner\"  >\n\t\t\t\n\t\t\t\n\n<h2><a href=\"\/?p=37542\">Porsche 964 \u2013 THE BOOK 1989\u20131994\u201c<\/a><\/h2>\n<p><span style=\"font-weight: 400;\">Berlin Motor Books hat am 30.11.2021 das auf 1994 Exemplare limitierte Buch PORSCHE 964 \u201eTHE BOOK 1989\u20131994\u201c ver\u00f6ffentlicht.<\/span><\/p>\n<h3>Besonderheiten in diesem Buch<\/h3>\n<ul class=\"check-list\">\n<li>Ausf\u00fchrliche <strong>Kaufberatungen<\/strong> und <strong>Preisentwicklungen<\/strong><\/li>\n<li>Umfangreiche Informationen zu <strong>Sondermodellen <\/strong>und<strong> Prototypen<\/strong><\/li>\n<li><strong>Unver\u00f6ffentlichte Fotografien<\/strong> aus dem historischen Porsche-Archiv<\/li>\n<\/ul>\n<a href=\"\/produkt\/limited-edition-porsche-964-the-book-1989-1994\/\" class=\"button primary\" style=\"border-radius:99px;\">\n\t\t<span>Das Buch ansehen<\/span>\n\t<\/a>\n\n\n\n\t\t<\/div>\n\t\t\t\t\t<\/div>\n\n\t\n\n\t<div id=\"col-637269080\" class=\"col medium-4 small-12 large-4\"  >\n\t\t\t\t<div class=\"col-inner\"  >\n\t\t\t\n\t\t\t\n\n\t\n  \n    <div class=\"row large-columns-1 medium-columns- small-columns- row-small\" >\n  \n\t     <\/div>\n\n\n\t\t<\/div>\n\t\t\t\t\t<\/div>\n\n\t\n\n<\/div>\n","protected":false},"excerpt":{"rendered":"<p><span style=\"color: #333333;\" data-mce-style=\"color: #333333;\">For the year 2023 Berlin Motor Books publishes a calendar limited to 210 copies for the classic generations of the Porsche 911 Carrera RS.<\/span><\/p>\n<p>The calendar contains some of the most beautiful pictures from the book &#8221; Porsche Carrera RS &#8211; 50 YEARS&#8221;. It is printed in landscape format A2 high quality and has a sturdy shipping packaging.<\/p>\n<p>Secure one of the 210 calendars now.<\/p>\n","protected":false},"featured_media":40322,"comment_status":"closed","ping_status":"closed","template":"","meta":[],"product_brand":[],"product_cat":[85],"product_tag":[],"class_list":{"0":"post-37944","1":"product","2":"type-product","3":"status-publish","4":"has-post-thumbnail","6":"product_cat-calendar","7":"product_shipping_class-calendar","9":"first","10":"outofstock","11":"taxable","12":"shipping-taxable","13":"purchasable","14":"product-type-simple"},"yoast_head":"<!-- This site is optimized with the Yoast SEO plugin v27.3 - https:\/\/yoast.com\/product\/yoast-seo-wordpress\/ -->\n<title>Porsche Calendar 2023: Porsche 911 Carrera RS Calendar \u201eAIR-COOLED 2023\u201c &#8211; Berlin Motor Books<\/title>\n<meta name=\"description\" content=\"Limited to 911 copies, the Porsche calendar for 2022 from Berlin Motor Books is printed in high-quality landscape format A2 and comes with sturdy shipping packaging. Get the limited Porsche 911 G-model calendar \u201cAir-Cooled Forever 2022\u201d now.\" \/>\n<meta name=\"robots\" content=\"index, follow, max-snippet:-1, max-image-preview:large, max-video-preview:-1\" \/>\n<link rel=\"canonical\" href=\"https:\/\/berlinmotorbooks.de\/en\/product\/porsche-kalender-2023-porsche-911-carrera-rs-kalender-air-cooled-forever-2023\/\" \/>\n<meta property=\"og:locale\" content=\"en_US\" \/>\n<meta property=\"og:type\" content=\"article\" \/>\n<meta property=\"og:title\" content=\"Porsche Calendar 2023: Porsche 911 Carrera RS Calendar \u201eAIR-COOLED 2023\u201c &#8211; Berlin Motor Books\" \/>\n<meta property=\"og:description\" content=\"Limited to 911 copies, the Porsche calendar for 2022 from Berlin Motor Books is printed in high-quality landscape format A2 and comes with sturdy shipping packaging. Get the limited Porsche 911 G-model calendar \u201cAir-Cooled Forever 2022\u201d now.\" \/>\n<meta property=\"og:url\" content=\"https:\/\/berlinmotorbooks.de\/en\/product\/porsche-kalender-2023-porsche-911-carrera-rs-kalender-air-cooled-forever-2023\/\" \/>\n<meta property=\"og:site_name\" content=\"Berlin Motor Books\" \/>\n<meta property=\"article:modified_time\" content=\"2022-11-10T15:24:46+00:00\" \/>\n<meta property=\"og:image\" content=\"https:\/\/berlinmotorbooks.de\/wp-content\/uploads\/2022\/11\/KALENDER_2023_911_598x422_01-1-scaled.jpg\" \/>\n\t<meta property=\"og:image:width\" content=\"2560\" \/>\n\t<meta property=\"og:image:height\" content=\"1815\" \/>\n\t<meta property=\"og:image:type\" content=\"image\/jpeg\" \/>\n<meta name=\"twitter:card\" content=\"summary_large_image\" \/>\n<meta name=\"twitter:label1\" content=\"Est. reading time\" \/>\n\t<meta name=\"twitter:data1\" content=\"2 minutes\" \/>\n<script type=\"application\/ld+json\" class=\"yoast-schema-graph\">{\"@context\":\"https:\\\/\\\/schema.org\",\"@graph\":[{\"@type\":\"WebPage\",\"@id\":\"https:\\\/\\\/berlinmotorbooks.de\\\/en\\\/product\\\/porsche-kalender-2023-porsche-911-carrera-rs-kalender-air-cooled-forever-2023\\\/\",\"url\":\"https:\\\/\\\/berlinmotorbooks.de\\\/en\\\/product\\\/porsche-kalender-2023-porsche-911-carrera-rs-kalender-air-cooled-forever-2023\\\/\",\"name\":\"Porsche Calendar 2023: Porsche 911 Carrera RS Calendar \u201eAIR-COOLED 2023\u201c &#8211; Berlin Motor Books\",\"isPartOf\":{\"@id\":\"https:\\\/\\\/berlinmotorbooks.de\\\/en\\\/#website\"},\"primaryImageOfPage\":{\"@id\":\"https:\\\/\\\/berlinmotorbooks.de\\\/en\\\/product\\\/porsche-kalender-2023-porsche-911-carrera-rs-kalender-air-cooled-forever-2023\\\/#primaryimage\"},\"image\":{\"@id\":\"https:\\\/\\\/berlinmotorbooks.de\\\/en\\\/product\\\/porsche-kalender-2023-porsche-911-carrera-rs-kalender-air-cooled-forever-2023\\\/#primaryimage\"},\"thumbnailUrl\":\"https:\\\/\\\/berlinmotorbooks.de\\\/wp-content\\\/uploads\\\/2022\\\/11\\\/KALENDER_2023_911_598x422_01-1-scaled.jpg\",\"datePublished\":\"2021-11-05T08:37:32+00:00\",\"dateModified\":\"2022-11-10T15:24:46+00:00\",\"description\":\"Limited to 911 copies, the Porsche calendar for 2022 from Berlin Motor Books is printed in high-quality landscape format A2 and comes with sturdy shipping packaging. Get the limited Porsche 911 G-model calendar \u201cAir-Cooled Forever 2022\u201d now.\",\"breadcrumb\":{\"@id\":\"https:\\\/\\\/berlinmotorbooks.de\\\/en\\\/product\\\/porsche-kalender-2023-porsche-911-carrera-rs-kalender-air-cooled-forever-2023\\\/#breadcrumb\"},\"inLanguage\":\"en-US\",\"potentialAction\":[{\"@type\":\"ReadAction\",\"target\":[\"https:\\\/\\\/berlinmotorbooks.de\\\/en\\\/product\\\/porsche-kalender-2023-porsche-911-carrera-rs-kalender-air-cooled-forever-2023\\\/\"]}]},{\"@type\":\"ImageObject\",\"inLanguage\":\"en-US\",\"@id\":\"https:\\\/\\\/berlinmotorbooks.de\\\/en\\\/product\\\/porsche-kalender-2023-porsche-911-carrera-rs-kalender-air-cooled-forever-2023\\\/#primaryimage\",\"url\":\"https:\\\/\\\/berlinmotorbooks.de\\\/wp-content\\\/uploads\\\/2022\\\/11\\\/KALENDER_2023_911_598x422_01-1-scaled.jpg\",\"contentUrl\":\"https:\\\/\\\/berlinmotorbooks.de\\\/wp-content\\\/uploads\\\/2022\\\/11\\\/KALENDER_2023_911_598x422_01-1-scaled.jpg\",\"width\":2560,\"height\":1815,\"caption\":\"Porsche Kalender 2023: Porsche 911 Carrera RS Kalender \u201eAIR-COOLED 2023\u201c\"},{\"@type\":\"BreadcrumbList\",\"@id\":\"https:\\\/\\\/berlinmotorbooks.de\\\/en\\\/product\\\/porsche-kalender-2023-porsche-911-carrera-rs-kalender-air-cooled-forever-2023\\\/#breadcrumb\",\"itemListElement\":[{\"@type\":\"ListItem\",\"position\":1,\"name\":\"Startseite\",\"item\":\"https:\\\/\\\/berlinmotorbooks.de\\\/en\\\/\"},{\"@type\":\"ListItem\",\"position\":2,\"name\":\"Shop\",\"item\":\"https:\\\/\\\/berlinmotorbooks.de\\\/en\\\/shop\\\/\"},{\"@type\":\"ListItem\",\"position\":3,\"name\":\"Porsche Calendar 2023: Porsche 911 Carrera RS Calendar \u201eAIR-COOLED 2023\u201c\"}]},{\"@type\":\"WebSite\",\"@id\":\"https:\\\/\\\/berlinmotorbooks.de\\\/en\\\/#website\",\"url\":\"https:\\\/\\\/berlinmotorbooks.de\\\/en\\\/\",\"name\":\"Berlin Motor Books\",\"description\":\"Porsche B\u00fccher aus Berlin\",\"publisher\":{\"@id\":\"https:\\\/\\\/berlinmotorbooks.de\\\/en\\\/#organization\"},\"potentialAction\":[{\"@type\":\"SearchAction\",\"target\":{\"@type\":\"EntryPoint\",\"urlTemplate\":\"https:\\\/\\\/berlinmotorbooks.de\\\/en\\\/?s={search_term_string}\"},\"query-input\":{\"@type\":\"PropertyValueSpecification\",\"valueRequired\":true,\"valueName\":\"search_term_string\"}}],\"inLanguage\":\"en-US\"},{\"@type\":\"Organization\",\"@id\":\"https:\\\/\\\/berlinmotorbooks.de\\\/en\\\/#organization\",\"name\":\"BMB Berlin Motor Books UG (haftungsbeschr\u00e4nkt)\",\"url\":\"https:\\\/\\\/berlinmotorbooks.de\\\/en\\\/\",\"logo\":{\"@type\":\"ImageObject\",\"inLanguage\":\"en-US\",\"@id\":\"https:\\\/\\\/berlinmotorbooks.de\\\/en\\\/#\\\/schema\\\/logo\\\/image\\\/\",\"url\":\"https:\\\/\\\/berlinmotorbooks.de\\\/wp-content\\\/uploads\\\/2019\\\/03\\\/BMB_LOGO_dark.png\",\"contentUrl\":\"https:\\\/\\\/berlinmotorbooks.de\\\/wp-content\\\/uploads\\\/2019\\\/03\\\/BMB_LOGO_dark.png\",\"width\":1495,\"height\":687,\"caption\":\"BMB Berlin Motor Books UG (haftungsbeschr\u00e4nkt)\"},\"image\":{\"@id\":\"https:\\\/\\\/berlinmotorbooks.de\\\/en\\\/#\\\/schema\\\/logo\\\/image\\\/\"}}]}<\/script>\n<!-- \/ Yoast SEO plugin. -->","yoast_head_json":{"title":"Porsche Calendar 2023: Porsche 911 Carrera RS Calendar \u201eAIR-COOLED 2023\u201c &#8211; Berlin Motor Books","description":"Limited to 911 copies, the Porsche calendar for 2022 from Berlin Motor Books is printed in high-quality landscape format A2 and comes with sturdy shipping packaging. Get the limited Porsche 911 G-model calendar \u201cAir-Cooled Forever 2022\u201d now.","robots":{"index":"index","follow":"follow","max-snippet":"max-snippet:-1","max-image-preview":"max-image-preview:large","max-video-preview":"max-video-preview:-1"},"canonical":"https:\/\/berlinmotorbooks.de\/en\/product\/porsche-kalender-2023-porsche-911-carrera-rs-kalender-air-cooled-forever-2023\/","og_locale":"en_US","og_type":"article","og_title":"Porsche Calendar 2023: Porsche 911 Carrera RS Calendar \u201eAIR-COOLED 2023\u201c &#8211; Berlin Motor Books","og_description":"Limited to 911 copies, the Porsche calendar for 2022 from Berlin Motor Books is printed in high-quality landscape format A2 and comes with sturdy shipping packaging. Get the limited Porsche 911 G-model calendar \u201cAir-Cooled Forever 2022\u201d now.","og_url":"https:\/\/berlinmotorbooks.de\/en\/product\/porsche-kalender-2023-porsche-911-carrera-rs-kalender-air-cooled-forever-2023\/","og_site_name":"Berlin Motor Books","article_modified_time":"2022-11-10T15:24:46+00:00","og_image":[{"width":2560,"height":1815,"url":"https:\/\/berlinmotorbooks.de\/wp-content\/uploads\/2022\/11\/KALENDER_2023_911_598x422_01-1-scaled.jpg","type":"image\/jpeg"}],"twitter_card":"summary_large_image","twitter_misc":{"Est. reading time":"2 minutes"},"schema":{"@context":"https:\/\/schema.org","@graph":[{"@type":"WebPage","@id":"https:\/\/berlinmotorbooks.de\/en\/product\/porsche-kalender-2023-porsche-911-carrera-rs-kalender-air-cooled-forever-2023\/","url":"https:\/\/berlinmotorbooks.de\/en\/product\/porsche-kalender-2023-porsche-911-carrera-rs-kalender-air-cooled-forever-2023\/","name":"Porsche Calendar 2023: Porsche 911 Carrera RS Calendar \u201eAIR-COOLED 2023\u201c &#8211; Berlin Motor Books","isPartOf":{"@id":"https:\/\/berlinmotorbooks.de\/en\/#website"},"primaryImageOfPage":{"@id":"https:\/\/berlinmotorbooks.de\/en\/product\/porsche-kalender-2023-porsche-911-carrera-rs-kalender-air-cooled-forever-2023\/#primaryimage"},"image":{"@id":"https:\/\/berlinmotorbooks.de\/en\/product\/porsche-kalender-2023-porsche-911-carrera-rs-kalender-air-cooled-forever-2023\/#primaryimage"},"thumbnailUrl":"https:\/\/berlinmotorbooks.de\/wp-content\/uploads\/2022\/11\/KALENDER_2023_911_598x422_01-1-scaled.jpg","datePublished":"2021-11-05T08:37:32+00:00","dateModified":"2022-11-10T15:24:46+00:00","description":"Limited to 911 copies, the Porsche calendar for 2022 from Berlin Motor Books is printed in high-quality landscape format A2 and comes with sturdy shipping packaging. Get the limited Porsche 911 G-model calendar \u201cAir-Cooled Forever 2022\u201d now.","breadcrumb":{"@id":"https:\/\/berlinmotorbooks.de\/en\/product\/porsche-kalender-2023-porsche-911-carrera-rs-kalender-air-cooled-forever-2023\/#breadcrumb"},"inLanguage":"en-US","potentialAction":[{"@type":"ReadAction","target":["https:\/\/berlinmotorbooks.de\/en\/product\/porsche-kalender-2023-porsche-911-carrera-rs-kalender-air-cooled-forever-2023\/"]}]},{"@type":"ImageObject","inLanguage":"en-US","@id":"https:\/\/berlinmotorbooks.de\/en\/product\/porsche-kalender-2023-porsche-911-carrera-rs-kalender-air-cooled-forever-2023\/#primaryimage","url":"https:\/\/berlinmotorbooks.de\/wp-content\/uploads\/2022\/11\/KALENDER_2023_911_598x422_01-1-scaled.jpg","contentUrl":"https:\/\/berlinmotorbooks.de\/wp-content\/uploads\/2022\/11\/KALENDER_2023_911_598x422_01-1-scaled.jpg","width":2560,"height":1815,"caption":"Porsche Kalender 2023: Porsche 911 Carrera RS Kalender \u201eAIR-COOLED 2023\u201c"},{"@type":"BreadcrumbList","@id":"https:\/\/berlinmotorbooks.de\/en\/product\/porsche-kalender-2023-porsche-911-carrera-rs-kalender-air-cooled-forever-2023\/#breadcrumb","itemListElement":[{"@type":"ListItem","position":1,"name":"Startseite","item":"https:\/\/berlinmotorbooks.de\/en\/"},{"@type":"ListItem","position":2,"name":"Shop","item":"https:\/\/berlinmotorbooks.de\/en\/shop\/"},{"@type":"ListItem","position":3,"name":"Porsche Calendar 2023: Porsche 911 Carrera RS Calendar \u201eAIR-COOLED 2023\u201c"}]},{"@type":"WebSite","@id":"https:\/\/berlinmotorbooks.de\/en\/#website","url":"https:\/\/berlinmotorbooks.de\/en\/","name":"Berlin Motor Books","description":"Porsche B\u00fccher aus Berlin","publisher":{"@id":"https:\/\/berlinmotorbooks.de\/en\/#organization"},"potentialAction":[{"@type":"SearchAction","target":{"@type":"EntryPoint","urlTemplate":"https:\/\/berlinmotorbooks.de\/en\/?s={search_term_string}"},"query-input":{"@type":"PropertyValueSpecification","valueRequired":true,"valueName":"search_term_string"}}],"inLanguage":"en-US"},{"@type":"Organization","@id":"https:\/\/berlinmotorbooks.de\/en\/#organization","name":"BMB Berlin Motor Books UG (haftungsbeschr\u00e4nkt)","url":"https:\/\/berlinmotorbooks.de\/en\/","logo":{"@type":"ImageObject","inLanguage":"en-US","@id":"https:\/\/berlinmotorbooks.de\/en\/#\/schema\/logo\/image\/","url":"https:\/\/berlinmotorbooks.de\/wp-content\/uploads\/2019\/03\/BMB_LOGO_dark.png","contentUrl":"https:\/\/berlinmotorbooks.de\/wp-content\/uploads\/2019\/03\/BMB_LOGO_dark.png","width":1495,"height":687,"caption":"BMB Berlin Motor Books UG (haftungsbeschr\u00e4nkt)"},"image":{"@id":"https:\/\/berlinmotorbooks.de\/en\/#\/schema\/logo\/image\/"}}]}},"_links":{"self":[{"href":"https:\/\/berlinmotorbooks.de\/en\/wp-json\/wp\/v2\/product\/37944","targetHints":{"allow":["GET"]}}],"collection":[{"href":"https:\/\/berlinmotorbooks.de\/en\/wp-json\/wp\/v2\/product"}],"about":[{"href":"https:\/\/berlinmotorbooks.de\/en\/wp-json\/wp\/v2\/types\/product"}],"replies":[{"embeddable":true,"href":"https:\/\/berlinmotorbooks.de\/en\/wp-json\/wp\/v2\/comments?post=37944"}],"wp:featuredmedia":[{"embeddable":true,"href":"https:\/\/berlinmotorbooks.de\/en\/wp-json\/wp\/v2\/media\/40322"}],"wp:attachment":[{"href":"https:\/\/berlinmotorbooks.de\/en\/wp-json\/wp\/v2\/media?parent=37944"}],"wp:term":[{"taxonomy":"product_brand","embeddable":true,"href":"https:\/\/berlinmotorbooks.de\/en\/wp-json\/wp\/v2\/product_brand?post=37944"},{"taxonomy":"product_cat","embeddable":true,"href":"https:\/\/berlinmotorbooks.de\/en\/wp-json\/wp\/v2\/product_cat?post=37944"},{"taxonomy":"product_tag","embeddable":true,"href":"https:\/\/berlinmotorbooks.de\/en\/wp-json\/wp\/v2\/product_tag?post=37944"}],"curies":[{"name":"wp","href":"https:\/\/api.w.org\/{rel}","templated":true}]}}